{"id":91,"date":"2026-02-26T23:32:48","date_gmt":"2026-02-26T20:32:48","guid":{"rendered":"https:\/\/keytdesign.com\/?post_type=product&#038;p=91"},"modified":"2026-03-04T15:45:03","modified_gmt":"2026-03-04T12:45:03","slug":"gozluk-tutucu","status":"publish","type":"product","link":"https:\/\/keytdesign.com\/index.php\/urun\/gozluk-tutucu\/","title":{"rendered":"G\u00f6zl\u00fck Tutucu"},"content":{"rendered":"<p class=\"product-description-content\">\u015e\u0131k y\u00fcz sil\u00fceti formuyla tasarlanan bu g\u00f6zl\u00fck tutucu, hem fonksiyonel hem de dekoratif bir \u00fcr\u00fcnd\u00fcr.<\/p>\n<p class=\"product-description-content\">G\u00f6zl\u00fcklerinizi g\u00fcvenle muhafaza ederken masa, \u00e7al\u0131\u015fma alan\u0131, komodin veya ofis ortam\u0131n\u0131za modern bir dokunu\u015f katar.<\/p>\n","protected":false},"excerpt":{"rendered":"<p class=\"product-description-content\">\u015e\u0131k y\u00fcz sil\u00fceti formuyla tasarlanan bu g\u00f6zl\u00fck tutucu, hem fonksiyonel hem de dekoratif bir \u00fcr\u00fcnd\u00fcr.<\/p>\n<p class=\"product-description-content\">G\u00f6zl\u00fcklerinizi g\u00fcvenle muhafaza ederken masa, \u00e7al\u0131\u015fma alan\u0131, komodin veya ofis ortam\u0131n\u0131za modern bir dokunu\u015f katar.<\/p>\n","protected":false},"featured_media":1639,"comment_status":"open","ping_status":"closed","template":"","meta":[],"product_brand":[],"product_cat":[63,66],"product_tag":[],"class_list":{"0":"post-91","1":"product","2":"type-product","3":"status-publish","4":"has-post-thumbnail","6":"product_cat-dekorasyon","7":"product_cat-fonksiyonel-urunler","9":"first","10":"instock","11":"shipping-taxable","12":"purchasable","13":"product-type-simple"},"_links":{"self":[{"href":"https:\/\/keytdesign.com\/index.php\/wp-json\/wp\/v2\/product\/91","targetHints":{"allow":["GET"]}}],"collection":[{"href":"https:\/\/keytdesign.com\/index.php\/wp-json\/wp\/v2\/product"}],"about":[{"href":"https:\/\/keytdesign.com\/index.php\/wp-json\/wp\/v2\/types\/product"}],"replies":[{"embeddable":true,"href":"https:\/\/keytdesign.com\/index.php\/wp-json\/wp\/v2\/comments?post=91"}],"version-history":[{"count":2,"href":"https:\/\/keytdesign.com\/index.php\/wp-json\/wp\/v2\/product\/91\/revisions"}],"predecessor-version":[{"id":1640,"href":"https:\/\/keytdesign.com\/index.php\/wp-json\/wp\/v2\/product\/91\/revisions\/1640"}],"wp:featuredmedia":[{"embeddable":true,"href":"https:\/\/keytdesign.com\/index.php\/wp-json\/wp\/v2\/media\/1639"}],"wp:attachment":[{"href":"https:\/\/keytdesign.com\/index.php\/wp-json\/wp\/v2\/media?parent=91"}],"wp:term":[{"taxonomy":"product_brand","embeddable":true,"href":"https:\/\/keytdesign.com\/index.php\/wp-json\/wp\/v2\/product_brand?post=91"},{"taxonomy":"product_cat","embeddable":true,"href":"https:\/\/keytdesign.com\/index.php\/wp-json\/wp\/v2\/product_cat?post=91"},{"taxonomy":"product_tag","embeddable":true,"href":"https:\/\/keytdesign.com\/index.php\/wp-json\/wp\/v2\/product_tag?post=91"}],"curies":[{"name":"wp","href":"https:\/\/api.w.org\/{rel}","templated":true}]}}