{"id":1605,"date":"2026-03-04T15:21:34","date_gmt":"2026-03-04T12:21:34","guid":{"rendered":"https:\/\/keytdesign.com\/?post_type=product&#038;p=1605"},"modified":"2026-03-04T15:21:35","modified_gmt":"2026-03-04T12:21:35","slug":"led-isikli-dekoratif-yilbasi-agaci-led-isik-dahil","status":"publish","type":"product","link":"https:\/\/keytdesign.com\/index.php\/urun\/led-isikli-dekoratif-yilbasi-agaci-led-isik-dahil\/","title":{"rendered":"Led I\u015f\u0131kl\u0131 Dekoratif Y\u0131lba\u015f\u0131 A\u011fac\u0131 (Led \u0131\u015f\u0131k dahil)"},"content":{"rendered":"<p class=\"product-description-content\">\u00c7am a\u011fac\u0131 formunda tasarlanan bu dekoratif LED mumluk, bulundu\u011fu ortama s\u0131cak ve huzurlu bir ambiyans katar.<\/p>\n<p class=\"product-description-content\">\u0130\u00e7 k\u0131sm\u0131ndaki ay, y\u0131ld\u0131z ve a\u011fa\u00e7 sil\u00fcetleriyle \u00f6zellikle y\u0131lba\u015f\u0131, k\u0131\u015f temal\u0131 dekorasyonlar ve lo\u015f \u0131\u015f\u0131k sevenler i\u00e7in ideal bir \u00fcr\u00fcnd\u00fcr.<\/p>\n","protected":false},"excerpt":{"rendered":"<p class=\"product-description-content\">\u00c7am a\u011fac\u0131 formunda tasarlanan bu dekoratif LED mumluk, bulundu\u011fu ortama s\u0131cak ve huzurlu bir ambiyans katar.<\/p>\n<p class=\"product-description-content\">\u0130\u00e7 k\u0131sm\u0131ndaki ay, y\u0131ld\u0131z ve a\u011fa\u00e7 sil\u00fcetleriyle \u00f6zellikle y\u0131lba\u015f\u0131, k\u0131\u015f temal\u0131 dekorasyonlar ve lo\u015f \u0131\u015f\u0131k sevenler i\u00e7in ideal bir \u00fcr\u00fcnd\u00fcr.<\/p>\n","protected":false},"featured_media":1606,"comment_status":"open","ping_status":"closed","template":"","meta":[],"product_brand":[],"product_cat":[63],"product_tag":[],"class_list":{"0":"post-1605","1":"product","2":"type-product","3":"status-publish","4":"has-post-thumbnail","6":"product_cat-dekorasyon","8":"first","9":"instock","10":"shipping-taxable","11":"purchasable","12":"product-type-simple"},"_links":{"self":[{"href":"https:\/\/keytdesign.com\/index.php\/wp-json\/wp\/v2\/product\/1605","targetHints":{"allow":["GET"]}}],"collection":[{"href":"https:\/\/keytdesign.com\/index.php\/wp-json\/wp\/v2\/product"}],"about":[{"href":"https:\/\/keytdesign.com\/index.php\/wp-json\/wp\/v2\/types\/product"}],"replies":[{"embeddable":true,"href":"https:\/\/keytdesign.com\/index.php\/wp-json\/wp\/v2\/comments?post=1605"}],"version-history":[{"count":1,"href":"https:\/\/keytdesign.com\/index.php\/wp-json\/wp\/v2\/product\/1605\/revisions"}],"predecessor-version":[{"id":1609,"href":"https:\/\/keytdesign.com\/index.php\/wp-json\/wp\/v2\/product\/1605\/revisions\/1609"}],"wp:featuredmedia":[{"embeddable":true,"href":"https:\/\/keytdesign.com\/index.php\/wp-json\/wp\/v2\/media\/1606"}],"wp:attachment":[{"href":"https:\/\/keytdesign.com\/index.php\/wp-json\/wp\/v2\/media?parent=1605"}],"wp:term":[{"taxonomy":"product_brand","embeddable":true,"href":"https:\/\/keytdesign.com\/index.php\/wp-json\/wp\/v2\/product_brand?post=1605"},{"taxonomy":"product_cat","embeddable":true,"href":"https:\/\/keytdesign.com\/index.php\/wp-json\/wp\/v2\/product_cat?post=1605"},{"taxonomy":"product_tag","embeddable":true,"href":"https:\/\/keytdesign.com\/index.php\/wp-json\/wp\/v2\/product_tag?post=1605"}],"curies":[{"name":"wp","href":"https:\/\/api.w.org\/{rel}","templated":true}]}}