{"id":1595,"date":"2026-03-04T15:17:58","date_gmt":"2026-03-04T12:17:58","guid":{"rendered":"https:\/\/keytdesign.com\/?post_type=product&#038;p=1595"},"modified":"2026-03-04T15:17:58","modified_gmt":"2026-03-04T12:17:58","slug":"kisiye-ozel-kalem-kutu","status":"publish","type":"product","link":"https:\/\/keytdesign.com\/index.php\/urun\/kisiye-ozel-kalem-kutu\/","title":{"rendered":"Ki\u015fiye \u00d6zel Kalem Kutu"},"content":{"rendered":"<div>Ki\u015fiye \u00f6zel, farkl\u0131 renk se\u00e7enekleri ile kalem kutu.<\/div>\n<div>\u0130ster hediye, ister kendinize, ister arkada\u015f\u0131n\u0131za, dostunuza..<\/div>\n<div>Kalem kutu d\u0131\u015f\u0131nda da saklama kutusu ya da tak\u0131 kutusu gibi farkl\u0131 ama\u00e7larla da kullan\u0131labilir.<\/div>\n<div><\/div>\n<div>\u00dcr\u00fcn g\u00f6vde ve kapak olmak \u00fczere 2 par\u00e7adan olu\u015fmaktad\u0131r.<\/div>\n<div><\/div>\n<div>3 farkl\u0131 b\u00f6lgede renk se\u00e7ene\u011fi mevcuttur.<\/div>\n<div>1- G\u00f6vde rengi<\/div>\n<div>2- Kapak rengi<\/div>\n<div>3- Yaz\u0131 rengi<\/div>\n<div><\/div>\n<div>\u0130stedi\u011finiz k\u0131sma a\u015fa\u011f\u0131daki renk se\u00e7eneklerine g\u00f6re belirleyebilirsiniz.<\/div>\n<div><\/div>\n<div>Renk Se\u00e7enekleri<\/div>\n<div>&#8211; Lacivert<\/div>\n<div>-Alt\u0131n Sar\u0131s\u0131<\/div>\n<div>&#8211; K\u0131rm\u0131z\u0131<\/div>\n<div>&#8211; Beyaz<\/div>\n<div>&#8211; Siyah<\/div>\n<div>-Zeytin Ye\u015fili<\/div>\n<div><\/div>\n<div>Sipari\u015fi olu\u015fturduktan sonra Sat\u0131c\u0131ya Soru Sor b\u00f6l\u00fcm\u00fcnden isim ve renk se\u00e7eneklerini sipari\u015f numaras\u0131 ile birlikte belirtiniz.<\/div>\n<div><\/div>\n<div>\u00dcr\u00fcn dayan\u0131kl\u0131 ve sert plastiktendir.<\/div>\n","protected":false},"excerpt":{"rendered":"<div>Ki\u015fiye \u00f6zel, farkl\u0131 renk se\u00e7enekleri ile kalem kutu.<\/div>\n<div>\u0130ster hediye, ister kendinize, ister arkada\u015f\u0131n\u0131za, dostunuza..<\/div>\n<div>Kalem kutu d\u0131\u015f\u0131nda da saklama kutusu ya da tak\u0131 kutusu gibi farkl\u0131 ama\u00e7larla da kullan\u0131labilir.<\/div>\n","protected":false},"featured_media":1602,"comment_status":"open","ping_status":"closed","template":"","meta":[],"product_brand":[],"product_cat":[],"product_tag":[],"class_list":{"0":"post-1595","1":"product","2":"type-product","3":"status-publish","4":"has-post-thumbnail","7":"first","8":"instock","9":"shipping-taxable","10":"purchasable","11":"product-type-simple"},"_links":{"self":[{"href":"https:\/\/keytdesign.com\/index.php\/wp-json\/wp\/v2\/product\/1595","targetHints":{"allow":["GET"]}}],"collection":[{"href":"https:\/\/keytdesign.com\/index.php\/wp-json\/wp\/v2\/product"}],"about":[{"href":"https:\/\/keytdesign.com\/index.php\/wp-json\/wp\/v2\/types\/product"}],"replies":[{"embeddable":true,"href":"https:\/\/keytdesign.com\/index.php\/wp-json\/wp\/v2\/comments?post=1595"}],"version-history":[{"count":1,"href":"https:\/\/keytdesign.com\/index.php\/wp-json\/wp\/v2\/product\/1595\/revisions"}],"predecessor-version":[{"id":1604,"href":"https:\/\/keytdesign.com\/index.php\/wp-json\/wp\/v2\/product\/1595\/revisions\/1604"}],"wp:featuredmedia":[{"embeddable":true,"href":"https:\/\/keytdesign.com\/index.php\/wp-json\/wp\/v2\/media\/1602"}],"wp:attachment":[{"href":"https:\/\/keytdesign.com\/index.php\/wp-json\/wp\/v2\/media?parent=1595"}],"wp:term":[{"taxonomy":"product_brand","embeddable":true,"href":"https:\/\/keytdesign.com\/index.php\/wp-json\/wp\/v2\/product_brand?post=1595"},{"taxonomy":"product_cat","embeddable":true,"href":"https:\/\/keytdesign.com\/index.php\/wp-json\/wp\/v2\/product_cat?post=1595"},{"taxonomy":"product_tag","embeddable":true,"href":"https:\/\/keytdesign.com\/index.php\/wp-json\/wp\/v2\/product_tag?post=1595"}],"curies":[{"name":"wp","href":"https:\/\/api.w.org\/{rel}","templated":true}]}}