{"id":1566,"date":"2026-03-04T15:05:14","date_gmt":"2026-03-04T12:05:14","guid":{"rendered":"https:\/\/keytdesign.com\/?post_type=product&#038;p=1566"},"modified":"2026-03-04T15:05:15","modified_gmt":"2026-03-04T12:05:15","slug":"minecraft-basmal-clicker-kalp-anahtarlik","status":"publish","type":"product","link":"https:\/\/keytdesign.com\/index.php\/urun\/minecraft-basmal-clicker-kalp-anahtarlik\/","title":{"rendered":"MineCraft Basmal Clicker Kalp Anahtarl\u0131k"},"content":{"rendered":"<div id=\"product-description\">\n<div class=\"product-description visible\" data-drroot=\"product-description\" data-fragment=\"product-description\">\n<div id=\"product-content-wrapper\" class=\"content-description-content product-content-wrapper__text\" data-testid=\"product-description-content\">\n<div id=\"rich-content-wrapper\">\n<div>Minecraft fig\u00fcrl\u00fc, basmal\u0131, clicker, kalp anahtarl\u0131k.<\/div>\n<div><\/div>\n<div>Minecraft d\u00fcnyas\u0131n\u0131n e\u011flenceli ruhu \u015fimdi her an yan\u0131n\u0131zda! Minecraft fig\u00fcr\u00fc detaylar\u0131yla tasarlanan bu \u00f6zel\u00a0<b>kalp \u015feklinde basmal\u0131 clicker anahtarl\u0131k<\/b>, hem oyun tutkunlar\u0131 hem de sevimli aksesuar sevenler i\u00e7in harika bir se\u00e7enektir.<\/div>\n<div><\/div>\n<div>Bas-\u00e7ek (clicker) mekanizmas\u0131 sayesinde her bas\u0131\u015fta keyifli bir t\u0131klama hissi verir; stres atmak, odaklanmak ya da sadece e\u011flenmek i\u00e7in idealdir. Hafif ve dayan\u0131kl\u0131 yap\u0131s\u0131 sayesinde anahtarlar\u0131n\u0131zda, \u00e7antan\u0131zda ya da kalemli\u011finizde rahatl\u0131kla ta\u015f\u0131nabilir.<\/div>\n<\/div>\n<\/div>\n<\/div>\n<\/div>\n","protected":false},"excerpt":{"rendered":"<div id=\"product-description\">\n<div class=\"product-description visible\" data-drroot=\"product-description\" data-fragment=\"product-description\">\n<div id=\"product-content-wrapper\" class=\"content-description-content product-content-wrapper__text\" data-testid=\"product-description-content\">\n<div id=\"rich-content-wrapper\">\n<div>Minecraft fig\u00fcrl\u00fc, basmal\u0131, clicker, kalp anahtarl\u0131k.<\/div>\n<div><\/div>\n<div>Minecraft d\u00fcnyas\u0131n\u0131n e\u011flenceli ruhu \u015fimdi her an yan\u0131n\u0131zda! Minecraft fig\u00fcr\u00fc detaylar\u0131yla tasarlanan bu \u00f6zel\u00a0<b>kalp \u015feklinde basmal\u0131 clicker anahtarl\u0131k<\/b>, hem oyun tutkunlar\u0131 hem de sevimli aksesuar sevenler i\u00e7in harika bir se\u00e7enektir.<\/div>\n<div><\/div>\n<div>Bas-\u00e7ek (clicker) mekanizmas\u0131 sayesinde her bas\u0131\u015fta keyifli bir t\u0131klama hissi verir; stres atmak, odaklanmak ya da sadece e\u011flenmek i\u00e7in idealdir. Hafif ve dayan\u0131kl\u0131 yap\u0131s\u0131 sayesinde anahtarlar\u0131n\u0131zda, \u00e7antan\u0131zda ya da kalemli\u011finizde rahatl\u0131kla ta\u015f\u0131nabilir.<\/div>\n<\/div>\n<\/div>\n<\/div>\n<\/div>\n<div id=\"product-feedback\">\n<div class=\"product-feedback\" data-testid=\"product-feedback\" data-fragment=\"product-feedback\"><\/div>\n<\/div>\n<div id=\"collection-recommendation\">\n<div class=\"collection-recommendation-wrapper\" data-fragment=\"collection-recommendation\"><\/div>\n<\/div>\n","protected":false},"featured_media":1568,"comment_status":"open","ping_status":"closed","template":"","meta":[],"product_brand":[],"product_cat":[65],"product_tag":[67],"class_list":{"0":"post-1566","1":"product","2":"type-product","3":"status-publish","4":"has-post-thumbnail","6":"product_cat-eglence","7":"product_tag-anahtarlik","9":"first","10":"instock","11":"shipping-taxable","12":"purchasable","13":"product-type-simple"},"_links":{"self":[{"href":"https:\/\/keytdesign.com\/index.php\/wp-json\/wp\/v2\/product\/1566","targetHints":{"allow":["GET"]}}],"collection":[{"href":"https:\/\/keytdesign.com\/index.php\/wp-json\/wp\/v2\/product"}],"about":[{"href":"https:\/\/keytdesign.com\/index.php\/wp-json\/wp\/v2\/types\/product"}],"replies":[{"embeddable":true,"href":"https:\/\/keytdesign.com\/index.php\/wp-json\/wp\/v2\/comments?post=1566"}],"version-history":[{"count":1,"href":"https:\/\/keytdesign.com\/index.php\/wp-json\/wp\/v2\/product\/1566\/revisions"}],"predecessor-version":[{"id":1571,"href":"https:\/\/keytdesign.com\/index.php\/wp-json\/wp\/v2\/product\/1566\/revisions\/1571"}],"wp:featuredmedia":[{"embeddable":true,"href":"https:\/\/keytdesign.com\/index.php\/wp-json\/wp\/v2\/media\/1568"}],"wp:attachment":[{"href":"https:\/\/keytdesign.com\/index.php\/wp-json\/wp\/v2\/media?parent=1566"}],"wp:term":[{"taxonomy":"product_brand","embeddable":true,"href":"https:\/\/keytdesign.com\/index.php\/wp-json\/wp\/v2\/product_brand?post=1566"},{"taxonomy":"product_cat","embeddable":true,"href":"https:\/\/keytdesign.com\/index.php\/wp-json\/wp\/v2\/product_cat?post=1566"},{"taxonomy":"product_tag","embeddable":true,"href":"https:\/\/keytdesign.com\/index.php\/wp-json\/wp\/v2\/product_tag?post=1566"}],"curies":[{"name":"wp","href":"https:\/\/api.w.org\/{rel}","templated":true}]}}