{"id":1527,"date":"2026-02-27T15:32:44","date_gmt":"2026-02-27T12:32:44","guid":{"rendered":"https:\/\/keytdesign.com\/?post_type=product&#038;p=1527"},"modified":"2026-04-09T15:09:31","modified_gmt":"2026-04-09T12:09:31","slug":"pixel-yildiz-hareketli-yildiz","status":"publish","type":"product","link":"https:\/\/keytdesign.com\/index.php\/urun\/pixel-yildiz-hareketli-yildiz\/","title":{"rendered":"Pixel Y\u0131ld\u0131z &#8211; Hareketli Y\u0131ld\u0131z"},"content":{"rendered":"<p class=\"product-description-content\">Deniz Y\u0131ld\u0131z\u0131 Geometrik ve modern tasar\u0131m\u0131yla dikkat \u00e7eken bu y\u0131ld\u0131z dekor, kare dokulu y\u00fczeyi ve gold tonu sayesinde bulundu\u011fu ortama \u015f\u0131k bir hava katar.<\/p>\n<p class=\"product-description-content\">Sehpa, masa ve raflarda dekoratif obje olarak kullan\u0131labilir.<\/p>\n<p class=\"product-description-content\">Hem ev hem ofis i\u00e7in estetik ve zarif bir tamamlay\u0131c\u0131d\u0131r.<\/p>\n","protected":false},"excerpt":{"rendered":"<p class=\"product-description-content\">Deniz Y\u0131ld\u0131z\u0131 Geometrik ve modern tasar\u0131m\u0131yla dikkat \u00e7eken bu y\u0131ld\u0131z dekor, kare dokulu y\u00fczeyi ve gold tonu sayesinde bulundu\u011fu ortama \u015f\u0131k bir hava katar.<\/p>\n<p class=\"product-description-content\">Sehpa, masa ve raflarda dekoratif obje olarak kullan\u0131labilir.<\/p>\n<p class=\"product-description-content\">Hem ev hem ofis i\u00e7in estetik ve zarif bir tamamlay\u0131c\u0131d\u0131r.<\/p>\n","protected":false},"featured_media":1529,"comment_status":"open","ping_status":"closed","template":"","meta":[],"product_brand":[],"product_cat":[65],"product_tag":[],"class_list":{"0":"post-1527","1":"product","2":"type-product","3":"status-publish","4":"has-post-thumbnail","6":"product_cat-eglence","8":"first","9":"instock","10":"shipping-taxable","11":"purchasable","12":"product-type-simple"},"_links":{"self":[{"href":"https:\/\/keytdesign.com\/index.php\/wp-json\/wp\/v2\/product\/1527","targetHints":{"allow":["GET"]}}],"collection":[{"href":"https:\/\/keytdesign.com\/index.php\/wp-json\/wp\/v2\/product"}],"about":[{"href":"https:\/\/keytdesign.com\/index.php\/wp-json\/wp\/v2\/types\/product"}],"replies":[{"embeddable":true,"href":"https:\/\/keytdesign.com\/index.php\/wp-json\/wp\/v2\/comments?post=1527"}],"version-history":[{"count":4,"href":"https:\/\/keytdesign.com\/index.php\/wp-json\/wp\/v2\/product\/1527\/revisions"}],"predecessor-version":[{"id":1705,"href":"https:\/\/keytdesign.com\/index.php\/wp-json\/wp\/v2\/product\/1527\/revisions\/1705"}],"wp:featuredmedia":[{"embeddable":true,"href":"https:\/\/keytdesign.com\/index.php\/wp-json\/wp\/v2\/media\/1529"}],"wp:attachment":[{"href":"https:\/\/keytdesign.com\/index.php\/wp-json\/wp\/v2\/media?parent=1527"}],"wp:term":[{"taxonomy":"product_brand","embeddable":true,"href":"https:\/\/keytdesign.com\/index.php\/wp-json\/wp\/v2\/product_brand?post=1527"},{"taxonomy":"product_cat","embeddable":true,"href":"https:\/\/keytdesign.com\/index.php\/wp-json\/wp\/v2\/product_cat?post=1527"},{"taxonomy":"product_tag","embeddable":true,"href":"https:\/\/keytdesign.com\/index.php\/wp-json\/wp\/v2\/product_tag?post=1527"}],"curies":[{"name":"wp","href":"https:\/\/api.w.org\/{rel}","templated":true}]}}