{"id":1512,"date":"2026-02-27T15:30:45","date_gmt":"2026-02-27T12:30:45","guid":{"rendered":"https:\/\/keytdesign.com\/?post_type=product&#038;p=1512"},"modified":"2026-04-03T12:46:34","modified_gmt":"2026-04-03T09:46:34","slug":"geometrik-stres-oyuncagi","status":"publish","type":"product","link":"https:\/\/keytdesign.com\/index.php\/urun\/geometrik-stres-oyuncagi\/","title":{"rendered":"Geometrik Stres Oyunca\u011f\u0131"},"content":{"rendered":"<p class=\"product-description-content\">Geometrik Stres Oyunca\u011f\u0131 Modern ve dikkat \u00e7ekici tasar\u0131m\u0131yla \u00f6ne \u00e7\u0131kan bu 3D bask\u0131 stres oyunca\u011f\u0131, g\u00fcnl\u00fck hayat\u0131n yo\u011fun temposunda rahatlaman\u0131za yard\u0131mc\u0131 olur.<\/p>\n<p class=\"product-description-content\">Geometrik ve ak\u0131c\u0131 yap\u0131s\u0131 sayesinde elde \u00e7evrilebilir, dokunsal hissiyle zihni sakinle\u015ftirir ve odaklanmay\u0131 destekler.<\/p>\n","protected":false},"excerpt":{"rendered":"<p class=\"product-description-content\">Geometrik Stres Oyunca\u011f\u0131 Modern ve dikkat \u00e7ekici tasar\u0131m\u0131yla \u00f6ne \u00e7\u0131kan bu 3D bask\u0131 stres oyunca\u011f\u0131, g\u00fcnl\u00fck hayat\u0131n yo\u011fun temposunda rahatlaman\u0131za yard\u0131mc\u0131 olur.<\/p>\n<p class=\"product-description-content\">Geometrik ve ak\u0131c\u0131 yap\u0131s\u0131 sayesinde elde \u00e7evrilebilir, dokunsal hissiyle zihni sakinle\u015ftirir ve odaklanmay\u0131 destekler.<\/p>\n","protected":false},"featured_media":1518,"comment_status":"open","ping_status":"closed","template":"","meta":[],"product_brand":[],"product_cat":[65],"product_tag":[],"class_list":{"0":"post-1512","1":"product","2":"type-product","3":"status-publish","4":"has-post-thumbnail","6":"product_cat-eglence","8":"first","9":"instock","10":"shipping-taxable","11":"purchasable","12":"product-type-simple"},"_links":{"self":[{"href":"https:\/\/keytdesign.com\/index.php\/wp-json\/wp\/v2\/product\/1512","targetHints":{"allow":["GET"]}}],"collection":[{"href":"https:\/\/keytdesign.com\/index.php\/wp-json\/wp\/v2\/product"}],"about":[{"href":"https:\/\/keytdesign.com\/index.php\/wp-json\/wp\/v2\/types\/product"}],"replies":[{"embeddable":true,"href":"https:\/\/keytdesign.com\/index.php\/wp-json\/wp\/v2\/comments?post=1512"}],"version-history":[{"count":1,"href":"https:\/\/keytdesign.com\/index.php\/wp-json\/wp\/v2\/product\/1512\/revisions"}],"predecessor-version":[{"id":1526,"href":"https:\/\/keytdesign.com\/index.php\/wp-json\/wp\/v2\/product\/1512\/revisions\/1526"}],"wp:featuredmedia":[{"embeddable":true,"href":"https:\/\/keytdesign.com\/index.php\/wp-json\/wp\/v2\/media\/1518"}],"wp:attachment":[{"href":"https:\/\/keytdesign.com\/index.php\/wp-json\/wp\/v2\/media?parent=1512"}],"wp:term":[{"taxonomy":"product_brand","embeddable":true,"href":"https:\/\/keytdesign.com\/index.php\/wp-json\/wp\/v2\/product_brand?post=1512"},{"taxonomy":"product_cat","embeddable":true,"href":"https:\/\/keytdesign.com\/index.php\/wp-json\/wp\/v2\/product_cat?post=1512"},{"taxonomy":"product_tag","embeddable":true,"href":"https:\/\/keytdesign.com\/index.php\/wp-json\/wp\/v2\/product_tag?post=1512"}],"curies":[{"name":"wp","href":"https:\/\/api.w.org\/{rel}","templated":true}]}}