{"id":1478,"date":"2026-02-27T15:05:07","date_gmt":"2026-02-27T12:05:07","guid":{"rendered":"https:\/\/keytdesign.com\/?post_type=product&#038;p=1478"},"modified":"2026-02-27T15:19:37","modified_gmt":"2026-02-27T12:19:37","slug":"anubis-bust-siyah","status":"publish","type":"product","link":"https:\/\/keytdesign.com\/index.php\/urun\/anubis-bust-siyah\/","title":{"rendered":"An\u00fcbis B\u00fcst &#8211; Siyah"},"content":{"rendered":"<p class=\"product-description-content\">Anubis B\u00fcst\u00fc \u2013 Antik M\u0131s\u0131r\u2019\u0131n Efsanevi Koruyucusu Antik M\u0131s\u0131r mitolojisinin g\u00fc\u00e7l\u00fc sembollerinden biri olan Anubis, \u00f6l\u00fcm\u00fcn ve \u00f6te d\u00fcnyan\u0131n koruyucusu olarak bilinir.<\/p>\n<p class=\"product-description-content\">Bu \u00f6zel tasar\u0131ml\u0131 Anubis b\u00fcst\u00fc, mitolojik atmosferi evinize, ofisinize veya koleksiyon k\u00f6\u015fenize ta\u015f\u0131yor.<\/p>\n<p class=\"product-description-content\">18 cm boyutunda olan bu b\u00fcst estetik tasar\u0131m\u0131yla dikkat \u00e7eker.<\/p>\n<p class=\"product-description-content\">Dayan\u0131kl\u0131 plastik malzemeden \u00fcretilmi\u015ftir<\/p>\n<p class=\"product-description-content\">hafif yap\u0131s\u0131 sayesinde kolayca konumland\u0131r\u0131labilir, uzun \u00f6m\u00fcrl\u00fc kullan\u0131m sa\u011flar.<\/p>\n<p class=\"product-description-content\">Dekoratif bir obje olarak mistik bir hava yarat\u0131r<\/p>\n<p class=\"product-description-content\">\u00f6zellikle mitoloji, tarih veya antik sanat merakl\u0131lar\u0131 i\u00e7in m\u00fckemmel bir par\u00e7ad\u0131r.<\/p>\n<p class=\"product-description-content\">Y\u00fckseklik 18 cm&#8217;dir.<\/p>\n","protected":false},"excerpt":{"rendered":"<p class=\"product-description-content\">Anubis B\u00fcst\u00fc \u2013 Antik M\u0131s\u0131r\u2019\u0131n Efsanevi Koruyucusu Antik M\u0131s\u0131r mitolojisinin g\u00fc\u00e7l\u00fc sembollerinden biri olan Anubis, \u00f6l\u00fcm\u00fcn ve \u00f6te d\u00fcnyan\u0131n koruyucusu olarak bilinir.<\/p>\n<p class=\"product-description-content\">Bu \u00f6zel tasar\u0131ml\u0131 Anubis b\u00fcst\u00fc, mitolojik atmosferi evinize, ofisinize veya koleksiyon k\u00f6\u015fenize ta\u015f\u0131yor.<\/p>\n<p class=\"product-description-content\">18 cm boyutunda olan bu b\u00fcst estetik tasar\u0131m\u0131yla dikkat \u00e7eker.<\/p>\n<p class=\"product-description-content\">Dayan\u0131kl\u0131 plastik malzemeden \u00fcretilmi\u015ftir<\/p>\n<p class=\"product-description-content\">hafif yap\u0131s\u0131 sayesinde kolayca konumland\u0131r\u0131labilir, uzun \u00f6m\u00fcrl\u00fc kullan\u0131m sa\u011flar.<\/p>\n<p class=\"product-description-content\">Dekoratif bir obje olarak mistik bir hava yarat\u0131r<\/p>\n<p class=\"product-description-content\">\u00f6zellikle mitoloji, tarih veya antik sanat merakl\u0131lar\u0131 i\u00e7in m\u00fckemmel bir par\u00e7ad\u0131r.<\/p>\n<p class=\"product-description-content\">Y\u00fckseklik 18 cm&#8217;dir.<\/p>\n","protected":false},"featured_media":1486,"comment_status":"open","ping_status":"closed","template":"","meta":[],"product_brand":[],"product_cat":[63],"product_tag":[],"class_list":{"0":"post-1478","1":"product","2":"type-product","3":"status-publish","4":"has-post-thumbnail","6":"product_cat-dekorasyon","8":"first","9":"instock","10":"shipping-taxable","11":"purchasable","12":"product-type-variable"},"_links":{"self":[{"href":"https:\/\/keytdesign.com\/index.php\/wp-json\/wp\/v2\/product\/1478","targetHints":{"allow":["GET"]}}],"collection":[{"href":"https:\/\/keytdesign.com\/index.php\/wp-json\/wp\/v2\/product"}],"about":[{"href":"https:\/\/keytdesign.com\/index.php\/wp-json\/wp\/v2\/types\/product"}],"replies":[{"embeddable":true,"href":"https:\/\/keytdesign.com\/index.php\/wp-json\/wp\/v2\/comments?post=1478"}],"version-history":[{"count":2,"href":"https:\/\/keytdesign.com\/index.php\/wp-json\/wp\/v2\/product\/1478\/revisions"}],"predecessor-version":[{"id":1496,"href":"https:\/\/keytdesign.com\/index.php\/wp-json\/wp\/v2\/product\/1478\/revisions\/1496"}],"wp:featuredmedia":[{"embeddable":true,"href":"https:\/\/keytdesign.com\/index.php\/wp-json\/wp\/v2\/media\/1486"}],"wp:attachment":[{"href":"https:\/\/keytdesign.com\/index.php\/wp-json\/wp\/v2\/media?parent=1478"}],"wp:term":[{"taxonomy":"product_brand","embeddable":true,"href":"https:\/\/keytdesign.com\/index.php\/wp-json\/wp\/v2\/product_brand?post=1478"},{"taxonomy":"product_cat","embeddable":true,"href":"https:\/\/keytdesign.com\/index.php\/wp-json\/wp\/v2\/product_cat?post=1478"},{"taxonomy":"product_tag","embeddable":true,"href":"https:\/\/keytdesign.com\/index.php\/wp-json\/wp\/v2\/product_tag?post=1478"}],"curies":[{"name":"wp","href":"https:\/\/api.w.org\/{rel}","templated":true}]}}