{"id":1415,"date":"2026-02-27T13:51:41","date_gmt":"2026-02-27T10:51:41","guid":{"rendered":"https:\/\/keytdesign.com\/?post_type=product&#038;p=1415"},"modified":"2026-02-27T13:57:35","modified_gmt":"2026-02-27T10:57:35","slug":"doar-vazo","status":"publish","type":"product","link":"https:\/\/keytdesign.com\/index.php\/urun\/doar-vazo\/","title":{"rendered":"Doar Vazo"},"content":{"rendered":"<div>Estetik ve modern dokunu\u015fu ayn\u0131 formda bulu\u015fturan Doar Vazo, tasar\u0131m\u0131ndaki iki farkl\u0131 y\u00fczey ile dikkat \u00e7eker. Bir taraf\u0131nda dikey \u00e7izgilerin estetik g\u00f6r\u00fcn\u00fcm\u00fc, di\u011fer taraf\u0131nda ise sade ve p\u00fcr\u00fczs\u00fcz bir y\u00fczey\u2026<\/div>\n<div>Bu kontrast, vazonun her a\u00e7\u0131dan farkl\u0131 bir g\u00f6r\u00fcn\u00fcme sahip olmas\u0131n\u0131 sa\u011flar.<\/div>\n<p>Kaliteli plastik malzemeden \u00fcretilen Doar Vazo, hem \u00e7i\u00e7ek d\u00fczenlemeleri hem de tek ba\u015f\u0131na dekoratif obje olarak kullan\u0131labilir. Modern, klasik ya da eklektik her dekorasyon stiline uyum sa\u011flar.<\/p>\n<p>\u0130ster evinizin ba\u015f k\u00f6\u015fesine al\u0131n, ister sevdi\u011finize \u015f\u0131k bir hediye olarak al\u0131n, isterseniz de i\u015fyerinizin bir k\u00f6\u015fesine al\u0131n.. Her y\u00f6n\u00fcyle Doar Vazo mekan\u0131n\u0131za bir \u015f\u0131kl\u0131k katar<\/p>\n","protected":false},"excerpt":{"rendered":"<p>Estetik ve modern dokunu\u015fu ayn\u0131 formda bulu\u015fturan Doar Vazo, tasar\u0131m\u0131ndaki iki farkl\u0131 y\u00fczey ile dikkat \u00e7eker. Bir taraf\u0131nda dikey \u00e7izgilerin<\/p>\n","protected":false},"featured_media":1419,"comment_status":"open","ping_status":"closed","template":"","meta":[],"product_brand":[],"product_cat":[64],"product_tag":[],"class_list":{"0":"post-1415","1":"product","2":"type-product","3":"status-publish","4":"has-post-thumbnail","6":"product_cat-vazo","8":"first","9":"instock","10":"shipping-taxable","11":"purchasable","12":"product-type-variable","13":"has-default-attributes"},"_links":{"self":[{"href":"https:\/\/keytdesign.com\/index.php\/wp-json\/wp\/v2\/product\/1415","targetHints":{"allow":["GET"]}}],"collection":[{"href":"https:\/\/keytdesign.com\/index.php\/wp-json\/wp\/v2\/product"}],"about":[{"href":"https:\/\/keytdesign.com\/index.php\/wp-json\/wp\/v2\/types\/product"}],"replies":[{"embeddable":true,"href":"https:\/\/keytdesign.com\/index.php\/wp-json\/wp\/v2\/comments?post=1415"}],"version-history":[{"count":1,"href":"https:\/\/keytdesign.com\/index.php\/wp-json\/wp\/v2\/product\/1415\/revisions"}],"predecessor-version":[{"id":1425,"href":"https:\/\/keytdesign.com\/index.php\/wp-json\/wp\/v2\/product\/1415\/revisions\/1425"}],"wp:featuredmedia":[{"embeddable":true,"href":"https:\/\/keytdesign.com\/index.php\/wp-json\/wp\/v2\/media\/1419"}],"wp:attachment":[{"href":"https:\/\/keytdesign.com\/index.php\/wp-json\/wp\/v2\/media?parent=1415"}],"wp:term":[{"taxonomy":"product_brand","embeddable":true,"href":"https:\/\/keytdesign.com\/index.php\/wp-json\/wp\/v2\/product_brand?post=1415"},{"taxonomy":"product_cat","embeddable":true,"href":"https:\/\/keytdesign.com\/index.php\/wp-json\/wp\/v2\/product_cat?post=1415"},{"taxonomy":"product_tag","embeddable":true,"href":"https:\/\/keytdesign.com\/index.php\/wp-json\/wp\/v2\/product_tag?post=1415"}],"curies":[{"name":"wp","href":"https:\/\/api.w.org\/{rel}","templated":true}]}}